{"id":7817,"date":"2025-05-22T17:03:28","date_gmt":"2025-05-22T15:03:28","guid":{"rendered":"https:\/\/www.nuwacom.ai\/vielen-dank-fuer-ihre-terminbuchung\/"},"modified":"2025-11-05T16:26:23","modified_gmt":"2025-11-05T15:26:23","slug":"vielen-dank-fuer-ihre-terminbuchung","status":"publish","type":"page","link":"https:\/\/nuwacom.ai\/de\/vielen-dank-fuer-ihre-terminbuchung\/","title":{"rendered":"Vielen Dank f\u00fcr Ihre Terminbuchung!"},"content":{"rendered":"<p>[et_pb_section fb_built=&#8220;1&#8243; custom_padding_last_edited=&#8220;on|phone&#8220; module_id=&#8220;form&#8220; _builder_version=&#8220;4.27.4&#8243; _module_preset=&#8220;default&#8220; use_background_color_gradient=&#8220;on&#8220; background_color_gradient_stops=&#8220;#ffffff 0%|rgba(156,121,255,0.3) 99%&#8220; background_enable_image=&#8220;off&#8220; background_size=&#8220;custom&#8220; background_image_width=&#8220;40%&#8220; background_position=&#8220;bottom_right&#8220; custom_padding=&#8220;40px|0px|160px||false|false&#8220; custom_padding_tablet=&#8220;100px||100px||true|false&#8220; custom_padding_phone=&#8220;0px||50px||false|false&#8220; locked=&#8220;off&#8220; global_colors_info=&#8220;{}&#8220;][et_pb_row _builder_version=&#8220;4.27.4&#8243; _module_preset=&#8220;default&#8220; width_tablet=&#8220;&#8220; width_phone=&#8220;90%&#8220; width_last_edited=&#8220;on|phone&#8220; max_width=&#8220;960px&#8220; custom_margin=&#8220;0px|auto|20px|auto|false|false&#8220; global_colors_info=&#8220;{}&#8220;][et_pb_column type=&#8220;4_4&#8243; _builder_version=&#8220;4.27.4&#8243; _module_preset=&#8220;default&#8220; global_colors_info=&#8220;{}&#8220;][et_pb_text _builder_version=&#8220;4.27.4&#8243; _module_preset=&#8220;default&#8220; text_text_color=&#8220;#9C79FF&#8220; text_font_size=&#8220;32px&#8220; header_font=&#8220;&#8211;et_global_heading_font|600|||||||&#8220; header_font_size=&#8220;48px&#8220; header_line_height=&#8220;1.2em&#8220; header_2_font=&#8220;&#8211;et_global_heading_font|600|||||||&#8220; header_2_text_color=&#8220;#141414&#8243; header_2_font_size=&#8220;38px&#8220; header_2_line_height=&#8220;1.2em&#8220; header_3_font=&#8220;&#8211;et_global_heading_font|600|||||||&#8220; header_3_text_color=&#8220;#141414&#8243; header_3_font_size=&#8220;24px&#8220; header_3_line_height=&#8220;1.2em&#8220; header_4_font=&#8220;&#8211;et_global_heading_font|600|||||||&#8220; header_4_text_color=&#8220;#141414&#8243; header_4_font_size=&#8220;20px&#8220; header_4_line_height=&#8220;1.2em&#8220; text_orientation=&#8220;center&#8220; custom_margin=&#8220;||16px||false|false&#8220; hover_enabled=&#8220;0&#8243; header_font_size_tablet=&#8220;48px&#8220; header_font_size_phone=&#8220;32px&#8220; header_font_size_last_edited=&#8220;on|phone&#8220; header_2_font_size_tablet=&#8220;38px&#8220; header_2_font_size_phone=&#8220;28px&#8220; header_2_font_size_last_edited=&#8220;on|phone&#8220; header_3_font_size_tablet=&#8220;24px&#8220; header_3_font_size_phone=&#8220;20px&#8220; header_3_font_size_last_edited=&#8220;on|phone&#8220; header_4_font_size_tablet=&#8220;20px&#8220; header_4_font_size_phone=&#8220;16px&#8220; header_4_font_size_last_edited=&#8220;on|desktop&#8220; locked=&#8220;off&#8220; global_colors_info=&#8220;{}&#8220; text_font=&#8220;Satoshi Medium||||||||&#8220; sticky_enabled=&#8220;0&#8243;]<\/p>\n<p>Das hat geklappt!<\/p>\n<p>[\/et_pb_text][et_pb_text _builder_version=&#8220;4.27.4&#8243; _module_preset=&#8220;default&#8220; header_font=&#8220;Satoshi Bold||||||||&#8220; header_font_size=&#8220;48px&#8220; header_line_height=&#8220;1.2em&#8220; header_2_font=&#8220;Satoshi Bold||||||||&#8220; header_2_text_color=&#8220;#141414&#8243; header_2_font_size=&#8220;32px&#8220; header_2_line_height=&#8220;1.2em&#8220; header_3_font=&#8220;Satoshi Bold||||||||&#8220; header_3_text_color=&#8220;#141414&#8243; header_3_font_size=&#8220;24px&#8220; header_3_line_height=&#8220;1.3em&#8220; header_4_font=&#8220;Satoshi Bold||||||||&#8220; header_4_text_color=&#8220;#141414&#8243; header_4_font_size=&#8220;20px&#8220; header_4_line_height=&#8220;1.3em&#8220; custom_margin=&#8220;||0px||false|false&#8220; header_font_size_tablet=&#8220;56px&#8220; header_font_size_phone=&#8220;38px&#8220; header_font_size_last_edited=&#8220;on|desktop&#8220; header_2_font_size_tablet=&#8220;32px&#8220; header_2_font_size_phone=&#8220;26px&#8220; header_2_font_size_last_edited=&#8220;on|phone&#8220; header_3_font_size_tablet=&#8220;24px&#8220; header_3_font_size_phone=&#8220;24px&#8220; header_3_font_size_last_edited=&#8220;on|phone&#8220; header_4_font_size_tablet=&#8220;20px&#8220; header_4_font_size_phone=&#8220;20px&#8220; header_4_font_size_last_edited=&#8220;on|tablet&#8220; global_colors_info=&#8220;{}&#8220; header_2_text_align=&#8220;left&#8220;]<\/p>\n<h1 style=\"text-align: center;\">Vielen Dank f\u00fcr Ihre Terminbuchung!<\/h1>\n<p>[\/et_pb_text][et_pb_text _builder_version=&#8220;4.27.4&#8243; _module_preset=&#8220;default&#8220; text_text_color=&#8220;#141414&#8243; header_font_size=&#8220;48px&#8220; header_line_height=&#8220;1.2em&#8220; header_2_font_size=&#8220;40px&#8220; header_2_line_height=&#8220;1.2em&#8220; header_3_text_color=&#8220;#141414&#8243; header_3_font_size=&#8220;30px&#8220; header_3_line_height=&#8220;1.3em&#8220; header_4_font_size=&#8220;22px&#8220; header_4_line_height=&#8220;1.3em&#8220; text_orientation=&#8220;center&#8220; custom_margin=&#8220;||16px||false|false&#8220; header_font_size_tablet=&#8220;48px&#8220; header_font_size_phone=&#8220;40px&#8220; header_font_size_last_edited=&#8220;on|desktop&#8220; header_2_font_size_tablet=&#8220;40px&#8220; header_2_font_size_phone=&#8220;32px&#8220; header_2_font_size_last_edited=&#8220;on|phone&#8220; header_3_font_size_tablet=&#8220;38px&#8220; header_3_font_size_phone=&#8220;26px&#8220; header_3_font_size_last_edited=&#8220;on|phone&#8220; global_colors_info=&#8220;{}&#8220;]<\/p>\n<p style=\"text-align: center;\"><span>Sie erhalten den Download-Link in K\u00fcrze per E-Mail.<\/span><\/p>\n<p>[\/et_pb_text][\/et_pb_column][\/et_pb_row][et_pb_row _builder_version=&#8220;4.27.4&#8243; _module_preset=&#8220;default&#8220; width_tablet=&#8220;&#8220; width_phone=&#8220;90%&#8220; width_last_edited=&#8220;on|phone&#8220; max_width=&#8220;1600px&#8220; custom_padding=&#8220;||0px|||&#8220; global_colors_info=&#8220;{}&#8220;][et_pb_column type=&#8220;4_4&#8243; _builder_version=&#8220;4.27.4&#8243; _module_preset=&#8220;default&#8220; global_colors_info=&#8220;{}&#8220;][et_pb_text _builder_version=&#8220;4.27.4&#8243; _module_preset=&#8220;default&#8220; header_font=&#8220;Satoshi Bold||||||||&#8220; header_font_size=&#8220;48px&#8220; header_line_height=&#8220;1.2em&#8220; header_2_font=&#8220;Satoshi Bold||||||||&#8220; header_2_text_color=&#8220;#141414&#8243; header_2_font_size=&#8220;32px&#8220; header_2_line_height=&#8220;1.2em&#8220; header_3_font=&#8220;Satoshi Bold||||||||&#8220; header_3_text_color=&#8220;#141414&#8243; header_3_font_size=&#8220;24px&#8220; header_3_line_height=&#8220;1.3em&#8220; header_4_font=&#8220;Satoshi Bold||||||||&#8220; header_4_text_color=&#8220;#141414&#8243; header_4_font_size=&#8220;20px&#8220; header_4_line_height=&#8220;1.3em&#8220; custom_margin=&#8220;||0px||false|false&#8220; custom_margin_tablet=&#8220;||0px||false|false&#8220; custom_margin_phone=&#8220;||24px||false|false&#8220; custom_margin_last_edited=&#8220;on|phone&#8220; header_font_size_tablet=&#8220;56px&#8220; header_font_size_phone=&#8220;38px&#8220; header_font_size_last_edited=&#8220;on|desktop&#8220; header_2_font_size_tablet=&#8220;32px&#8220; header_2_font_size_phone=&#8220;26px&#8220; header_2_font_size_last_edited=&#8220;on|phone&#8220; header_3_font_size_tablet=&#8220;24px&#8220; header_3_font_size_phone=&#8220;24px&#8220; header_3_font_size_last_edited=&#8220;on|phone&#8220; header_4_font_size_tablet=&#8220;20px&#8220; header_4_font_size_phone=&#8220;20px&#8220; header_4_font_size_last_edited=&#8220;on|tablet&#8220; global_colors_info=&#8220;{}&#8220; header_2_text_align=&#8220;left&#8220;]<\/p>\n<h2 style=\"text-align: center;\">Wenn Sie schon mal hier sind \u2013 warum nicht gleich den n\u00e4chsten Schritt machen?<\/h2>\n<p>[\/et_pb_text][\/et_pb_column][\/et_pb_row][et_pb_row column_structure=&#8220;1_2,1_2&#8243; make_equal=&#8220;on&#8220; _builder_version=&#8220;4.27.4&#8243; _module_preset=&#8220;default&#8220; width_tablet=&#8220;&#8220; width_phone=&#8220;90%&#8220; width_last_edited=&#8220;on|phone&#8220; max_width=&#8220;1600px&#8220; custom_padding=&#8220;0px|||||&#8220; global_colors_info=&#8220;{}&#8220;][et_pb_column type=&#8220;1_2&#8243; _builder_version=&#8220;4.27.4&#8243; _module_preset=&#8220;default&#8220; background_color=&#8220;rgba(156,121,255,0.2)&#8220; custom_padding=&#8220;40px|40px|40px|40px|true|true&#8220; border_radii=&#8220;on|16px|16px|16px|16px&#8220; global_colors_info=&#8220;{}&#8220;][et_pb_text _builder_version=&#8220;4.27.4&#8243; _module_preset=&#8220;default&#8220; text_font=&#8220;Satoshi Bold||||||||&#8220; text_font_size=&#8220;24px&#8220; header_font=&#8220;&#8211;et_global_heading_font|600|||||||&#8220; header_font_size=&#8220;48px&#8220; header_line_height=&#8220;1.2em&#8220; header_2_font=&#8220;&#8211;et_global_heading_font|600|||||||&#8220; header_2_text_color=&#8220;#141414&#8243; header_2_font_size=&#8220;38px&#8220; header_2_line_height=&#8220;1.2em&#8220; header_3_font=&#8220;&#8211;et_global_heading_font|700|||||||&#8220; header_3_text_color=&#8220;#141414&#8243; header_3_font_size=&#8220;24px&#8220; header_3_line_height=&#8220;1.2em&#8220; header_4_font=&#8220;&#8211;et_global_heading_font|700|||||||&#8220; header_4_text_color=&#8220;#141414&#8243; header_4_font_size=&#8220;20px&#8220; header_4_line_height=&#8220;1.2em&#8220; custom_margin=&#8220;||24px||false|false&#8220; hover_enabled=&#8220;0&#8243; header_font_size_tablet=&#8220;48px&#8220; header_font_size_phone=&#8220;32px&#8220; header_font_size_last_edited=&#8220;on|phone&#8220; header_2_font_size_tablet=&#8220;38px&#8220; header_2_font_size_phone=&#8220;28px&#8220; header_2_font_size_last_edited=&#8220;on|phone&#8220; header_3_font_size_tablet=&#8220;24px&#8220; header_3_font_size_phone=&#8220;20px&#8220; header_3_font_size_last_edited=&#8220;on|phone&#8220; header_4_font_size_tablet=&#8220;20px&#8220; header_4_font_size_phone=&#8220;16px&#8220; header_4_font_size_last_edited=&#8220;on|desktop&#8220; global_colors_info=&#8220;{}&#8220; sticky_enabled=&#8220;0&#8243;]<\/p>\n<p>Erleben Sie nuwacom live<\/p>\n<p>[\/et_pb_text][et_pb_text _builder_version=&#8220;4.27.4&#8243; _module_preset=&#8220;default&#8220; text_font_size=&#8220;20px&#8220; text_line_height=&#8220;1.4em&#8220; header_text_align=&#8220;center&#8220; header_font_size=&#8220;48px&#8220; header_line_height=&#8220;1.2em&#8220; header_2_font_size=&#8220;40px&#8220; header_2_line_height=&#8220;1.2em&#8220; header_3_text_color=&#8220;#141414&#8243; header_3_font_size=&#8220;30px&#8220; header_3_line_height=&#8220;1.3em&#8220; header_4_font_size=&#8220;22px&#8220; header_4_line_height=&#8220;1.3em&#8220; custom_margin=&#8220;||||false|false&#8220; header_font_size_tablet=&#8220;48px&#8220; header_font_size_phone=&#8220;32px&#8220; header_font_size_last_edited=&#8220;on|phone&#8220; header_2_font_size_tablet=&#8220;40px&#8220; header_2_font_size_phone=&#8220;32px&#8220; header_2_font_size_last_edited=&#8220;on|phone&#8220; header_3_font_size_tablet=&#8220;38px&#8220; header_3_font_size_phone=&#8220;26px&#8220; header_3_font_size_last_edited=&#8220;on|phone&#8220; global_colors_info=&#8220;{}&#8220;]<\/p>\n<p><span data-teams=\"true\"><a style=\"color: black;\" href=\"https:\/\/nuwacom.ai\/de\/demo\/\"><strong><span style=\"text-decoration: underline;\">Demo buchen<\/span><\/strong><\/a> und entdecken Sie wie Enterprise-KI ihrem Team jeden Tag wertvolle Zeit spart.<\/span><\/p>\n<p>[\/et_pb_text][\/et_pb_column][et_pb_column type=&#8220;1_2&#8243; _builder_version=&#8220;4.27.4&#8243; _module_preset=&#8220;default&#8220; background_color=&#8220;rgba(156,121,255,0.2)&#8220; custom_padding=&#8220;40px|40px|40px|40px|true|true&#8220; border_radii=&#8220;on|16px|16px|16px|16px&#8220; global_colors_info=&#8220;{}&#8220;][et_pb_text _builder_version=&#8220;4.27.4&#8243; _module_preset=&#8220;default&#8220; text_font=&#8220;Satoshi Bold||||||||&#8220; text_font_size=&#8220;24px&#8220; header_font=&#8220;&#8211;et_global_heading_font|600|||||||&#8220; header_font_size=&#8220;48px&#8220; header_line_height=&#8220;1.2em&#8220; header_2_font=&#8220;&#8211;et_global_heading_font|600|||||||&#8220; header_2_text_color=&#8220;#141414&#8243; header_2_font_size=&#8220;38px&#8220; header_2_line_height=&#8220;1.2em&#8220; header_3_font=&#8220;&#8211;et_global_heading_font|700|||||||&#8220; header_3_text_color=&#8220;#141414&#8243; header_3_font_size=&#8220;24px&#8220; header_3_line_height=&#8220;1.2em&#8220; header_4_font=&#8220;&#8211;et_global_heading_font|700|||||||&#8220; header_4_text_color=&#8220;#141414&#8243; header_4_font_size=&#8220;20px&#8220; header_4_line_height=&#8220;1.2em&#8220; custom_margin=&#8220;||24px||false|false&#8220; hover_enabled=&#8220;0&#8243; header_font_size_tablet=&#8220;48px&#8220; header_font_size_phone=&#8220;32px&#8220; header_font_size_last_edited=&#8220;on|phone&#8220; header_2_font_size_tablet=&#8220;38px&#8220; header_2_font_size_phone=&#8220;28px&#8220; header_2_font_size_last_edited=&#8220;on|phone&#8220; header_3_font_size_tablet=&#8220;24px&#8220; header_3_font_size_phone=&#8220;20px&#8220; header_3_font_size_last_edited=&#8220;on|phone&#8220; header_4_font_size_tablet=&#8220;20px&#8220; header_4_font_size_phone=&#8220;16px&#8220; header_4_font_size_last_edited=&#8220;on|desktop&#8220; global_colors_info=&#8220;{}&#8220; sticky_enabled=&#8220;0&#8243;]<\/p>\n<p>Mehr erfahren<\/p>\n<p>[\/et_pb_text][et_pb_text _builder_version=&#8220;4.27.4&#8243; _module_preset=&#8220;default&#8220; text_font_size=&#8220;20px&#8220; text_line_height=&#8220;1.4em&#8220; header_text_align=&#8220;center&#8220; header_font_size=&#8220;48px&#8220; header_line_height=&#8220;1.2em&#8220; header_2_font_size=&#8220;40px&#8220; header_2_line_height=&#8220;1.2em&#8220; header_3_text_color=&#8220;#141414&#8243; header_3_font_size=&#8220;30px&#8220; header_3_line_height=&#8220;1.3em&#8220; header_4_font_size=&#8220;22px&#8220; header_4_line_height=&#8220;1.3em&#8220; custom_margin=&#8220;||||false|false&#8220; header_font_size_tablet=&#8220;48px&#8220; header_font_size_phone=&#8220;32px&#8220; header_font_size_last_edited=&#8220;on|phone&#8220; header_2_font_size_tablet=&#8220;40px&#8220; header_2_font_size_phone=&#8220;32px&#8220; header_2_font_size_last_edited=&#8220;on|phone&#8220; header_3_font_size_tablet=&#8220;38px&#8220; header_3_font_size_phone=&#8220;26px&#8220; header_3_font_size_last_edited=&#8220;on|phone&#8220; global_colors_info=&#8220;{}&#8220;]St\u00f6beren Sie in unseren<span data-teams=\"true\"><a style=\"color: black;\" href=\"https:\/\/nuwacom.ai\/de\/ressourcen\/\"><strong><span style=\"text-decoration: underline;\">Resourcen<\/span><\/strong><\/a> mit Case Studies, Leitf\u00e4den und Best Practices.[\/et_pb_text][\/et_pb_column][\/et_pb_row][\/et_pb_section]<\/p>\n","protected":false},"excerpt":{"rendered":"<p>Das hat geklappt!Vielen Dank f\u00fcr Ihre Terminbuchung!Sie erhalten den Download-Link in K\u00fcrze per E-Mail.Wenn Sie schon mal hier sind \u2013 warum nicht gleich den n\u00e4chsten Schritt machen?Erleben Sie nuwacom liveDemo buchen und entdecken Sie wie Enterprise-KI ihrem Team jeden Tag wertvolle Zeit spart.Mehr erfahrenSt\u00f6beren Sie in unserenResourcen mit Case Studies, Leitf\u00e4den und Best Practices.<\/p>\n","protected":false},"author":2,"featured_media":0,"parent":0,"menu_order":0,"comment_status":"closed","ping_status":"closed","template":"","meta":{"_acf_changed":false,"_et_pb_use_builder":"on","_et_pb_old_content":"","_et_gb_content_width":"","content-type":"","inline_featured_image":false,"footnotes":""},"dipi_cpt_category":[],"class_list":["post-7817","page","type-page","status-publish","hentry"],"acf":[],"yoast_head":"<!-- This site is optimized with the Yoast SEO plugin v26.9 - https:\/\/yoast.com\/product\/yoast-seo-wordpress\/ -->\n<title>Vielen Dank f\u00fcr Ihre Terminbuchung! - nuwacom.ai<\/title>\n<meta name=\"robots\" content=\"noindex, nofollow\" \/>\n<meta property=\"og:locale\" content=\"de_DE\" \/>\n<meta property=\"og:type\" content=\"article\" \/>\n<meta property=\"og:title\" content=\"Vielen Dank f\u00fcr Ihre Terminbuchung! - nuwacom.ai\" \/>\n<meta property=\"og:description\" content=\"Das hat geklappt!Vielen Dank f\u00fcr Ihre Terminbuchung!Sie erhalten den Download-Link in K\u00fcrze per E-Mail.Wenn Sie schon mal hier sind \u2013 warum nicht gleich den n\u00e4chsten Schritt machen?Erleben Sie nuwacom liveDemo buchen und entdecken Sie wie Enterprise-KI ihrem Team jeden Tag wertvolle Zeit spart.Mehr erfahrenSt\u00f6beren Sie in unserenResourcen mit Case Studies, Leitf\u00e4den und Best Practices.\" \/>\n<meta property=\"og:url\" content=\"https:\/\/nuwacom.ai\/de\/vielen-dank-fuer-ihre-terminbuchung\/\" \/>\n<meta property=\"og:site_name\" content=\"nuwacom.ai\" \/>\n<meta property=\"article:modified_time\" content=\"2025-11-05T15:26:23+00:00\" \/>\n<meta name=\"twitter:card\" content=\"summary_large_image\" \/>\n<meta name=\"twitter:label1\" content=\"Gesch\u00e4tzte Lesezeit\" \/>\n\t<meta name=\"twitter:data1\" content=\"7\u00a0Minuten\" \/>\n<script type=\"application\/ld+json\" class=\"yoast-schema-graph\">{\"@context\":\"https:\/\/schema.org\",\"@graph\":[{\"@type\":\"WebPage\",\"@id\":\"https:\/\/nuwacom.ai\/de\/vielen-dank-fuer-ihre-terminbuchung\/\",\"url\":\"https:\/\/nuwacom.ai\/de\/vielen-dank-fuer-ihre-terminbuchung\/\",\"name\":\"Vielen Dank f\u00fcr Ihre Terminbuchung! - nuwacom.ai\",\"isPartOf\":{\"@id\":\"https:\/\/nuwacom.ai\/de\/#website\"},\"datePublished\":\"2025-05-22T15:03:28+00:00\",\"dateModified\":\"2025-11-05T15:26:23+00:00\",\"breadcrumb\":{\"@id\":\"https:\/\/nuwacom.ai\/de\/vielen-dank-fuer-ihre-terminbuchung\/#breadcrumb\"},\"inLanguage\":\"de\",\"potentialAction\":[{\"@type\":\"ReadAction\",\"target\":[\"https:\/\/nuwacom.ai\/de\/vielen-dank-fuer-ihre-terminbuchung\/\"]}]},{\"@type\":\"BreadcrumbList\",\"@id\":\"https:\/\/nuwacom.ai\/de\/vielen-dank-fuer-ihre-terminbuchung\/#breadcrumb\",\"itemListElement\":[{\"@type\":\"ListItem\",\"position\":1,\"name\":\"Startseite\",\"item\":\"https:\/\/nuwacom.ai\/de\/\"},{\"@type\":\"ListItem\",\"position\":2,\"name\":\"Vielen Dank f\u00fcr Ihre Terminbuchung!\"}]},{\"@type\":\"WebSite\",\"@id\":\"https:\/\/nuwacom.ai\/de\/#website\",\"url\":\"https:\/\/nuwacom.ai\/de\/\",\"name\":\"nuwacom.ai\",\"description\":\"\",\"publisher\":{\"@id\":\"https:\/\/nuwacom.ai\/de\/#organization\"},\"potentialAction\":[{\"@type\":\"SearchAction\",\"target\":{\"@type\":\"EntryPoint\",\"urlTemplate\":\"https:\/\/nuwacom.ai\/de\/?s={search_term_string}\"},\"query-input\":{\"@type\":\"PropertyValueSpecification\",\"valueRequired\":true,\"valueName\":\"search_term_string\"}}],\"inLanguage\":\"de\"},{\"@type\":\"Organization\",\"@id\":\"https:\/\/nuwacom.ai\/de\/#organization\",\"name\":\"nuwacom.ai\",\"url\":\"https:\/\/nuwacom.ai\/de\/\",\"logo\":{\"@type\":\"ImageObject\",\"inLanguage\":\"de\",\"@id\":\"https:\/\/nuwacom.ai\/de\/#\/schema\/logo\/image\/\",\"url\":\"\/wp-content\/uploads\/2025\/10\/Logo_color.svg\",\"contentUrl\":\"\/wp-content\/uploads\/2025\/10\/Logo_color.svg\",\"width\":280,\"height\":40,\"caption\":\"nuwacom.ai\"},\"image\":{\"@id\":\"https:\/\/nuwacom.ai\/de\/#\/schema\/logo\/image\/\"},\"sameAs\":[\"https:\/\/www.instagram.com\/mumpfy\/\"]}]}<\/script>\n<!-- \/ Yoast SEO plugin. -->","yoast_head_json":{"title":"Vielen Dank f\u00fcr Ihre Terminbuchung! - nuwacom.ai","robots":{"index":"noindex","follow":"nofollow"},"og_locale":"de_DE","og_type":"article","og_title":"Vielen Dank f\u00fcr Ihre Terminbuchung! - nuwacom.ai","og_description":"Das hat geklappt!Vielen Dank f\u00fcr Ihre Terminbuchung!Sie erhalten den Download-Link in K\u00fcrze per E-Mail.Wenn Sie schon mal hier sind \u2013 warum nicht gleich den n\u00e4chsten Schritt machen?Erleben Sie nuwacom liveDemo buchen und entdecken Sie wie Enterprise-KI ihrem Team jeden Tag wertvolle Zeit spart.Mehr erfahrenSt\u00f6beren Sie in unserenResourcen mit Case Studies, Leitf\u00e4den und Best Practices.","og_url":"https:\/\/nuwacom.ai\/de\/vielen-dank-fuer-ihre-terminbuchung\/","og_site_name":"nuwacom.ai","article_modified_time":"2025-11-05T15:26:23+00:00","twitter_card":"summary_large_image","twitter_misc":{"Gesch\u00e4tzte Lesezeit":"7\u00a0Minuten"},"schema":{"@context":"https:\/\/schema.org","@graph":[{"@type":"WebPage","@id":"https:\/\/nuwacom.ai\/de\/vielen-dank-fuer-ihre-terminbuchung\/","url":"https:\/\/nuwacom.ai\/de\/vielen-dank-fuer-ihre-terminbuchung\/","name":"Vielen Dank f\u00fcr Ihre Terminbuchung! - nuwacom.ai","isPartOf":{"@id":"https:\/\/nuwacom.ai\/de\/#website"},"datePublished":"2025-05-22T15:03:28+00:00","dateModified":"2025-11-05T15:26:23+00:00","breadcrumb":{"@id":"https:\/\/nuwacom.ai\/de\/vielen-dank-fuer-ihre-terminbuchung\/#breadcrumb"},"inLanguage":"de","potentialAction":[{"@type":"ReadAction","target":["https:\/\/nuwacom.ai\/de\/vielen-dank-fuer-ihre-terminbuchung\/"]}]},{"@type":"BreadcrumbList","@id":"https:\/\/nuwacom.ai\/de\/vielen-dank-fuer-ihre-terminbuchung\/#breadcrumb","itemListElement":[{"@type":"ListItem","position":1,"name":"Startseite","item":"https:\/\/nuwacom.ai\/de\/"},{"@type":"ListItem","position":2,"name":"Vielen Dank f\u00fcr Ihre Terminbuchung!"}]},{"@type":"WebSite","@id":"https:\/\/nuwacom.ai\/de\/#website","url":"https:\/\/nuwacom.ai\/de\/","name":"nuwacom.ai","description":"","publisher":{"@id":"https:\/\/nuwacom.ai\/de\/#organization"},"potentialAction":[{"@type":"SearchAction","target":{"@type":"EntryPoint","urlTemplate":"https:\/\/nuwacom.ai\/de\/?s={search_term_string}"},"query-input":{"@type":"PropertyValueSpecification","valueRequired":true,"valueName":"search_term_string"}}],"inLanguage":"de"},{"@type":"Organization","@id":"https:\/\/nuwacom.ai\/de\/#organization","name":"nuwacom.ai","url":"https:\/\/nuwacom.ai\/de\/","logo":{"@type":"ImageObject","inLanguage":"de","@id":"https:\/\/nuwacom.ai\/de\/#\/schema\/logo\/image\/","url":"\/wp-content\/uploads\/2025\/10\/Logo_color.svg","contentUrl":"\/wp-content\/uploads\/2025\/10\/Logo_color.svg","width":280,"height":40,"caption":"nuwacom.ai"},"image":{"@id":"https:\/\/nuwacom.ai\/de\/#\/schema\/logo\/image\/"},"sameAs":["https:\/\/www.instagram.com\/mumpfy\/"]}]}},"_links":{"self":[{"href":"https:\/\/nuwacom.ai\/de\/wp-json\/wp\/v2\/pages\/7817","targetHints":{"allow":["GET"]}}],"collection":[{"href":"https:\/\/nuwacom.ai\/de\/wp-json\/wp\/v2\/pages"}],"about":[{"href":"https:\/\/nuwacom.ai\/de\/wp-json\/wp\/v2\/types\/page"}],"author":[{"embeddable":true,"href":"https:\/\/nuwacom.ai\/de\/wp-json\/wp\/v2\/users\/2"}],"replies":[{"embeddable":true,"href":"https:\/\/nuwacom.ai\/de\/wp-json\/wp\/v2\/comments?post=7817"}],"version-history":[{"count":0,"href":"https:\/\/nuwacom.ai\/de\/wp-json\/wp\/v2\/pages\/7817\/revisions"}],"wp:attachment":[{"href":"https:\/\/nuwacom.ai\/de\/wp-json\/wp\/v2\/media?parent=7817"}],"wp:term":[{"taxonomy":"dipi_cpt_category","embeddable":true,"href":"https:\/\/nuwacom.ai\/de\/wp-json\/wp\/v2\/dipi_cpt_category?post=7817"}],"curies":[{"name":"wp","href":"https:\/\/api.w.org\/{rel}","templated":true}]}}