{"id":7533,"date":"2025-05-08T17:55:09","date_gmt":"2025-05-08T15:55:09","guid":{"rendered":"https:\/\/www.nuwacom.ai\/impressum\/"},"modified":"2025-11-07T11:18:32","modified_gmt":"2025-11-07T10:18:32","slug":"impressum","status":"publish","type":"page","link":"https:\/\/nuwacom.ai\/de\/impressum\/","title":{"rendered":"Impressum"},"content":{"rendered":"<p>[et_pb_section fb_built=&#8220;1&#8243; _builder_version=&#8220;4.27.4&#8243; _module_preset=&#8220;default&#8220; global_colors_info=&#8220;{}&#8220;][et_pb_row _builder_version=&#8220;4.27.4&#8243; _module_preset=&#8220;default&#8220; global_colors_info=&#8220;{}&#8220;][et_pb_column type=&#8220;4_4&#8243; _builder_version=&#8220;4.27.4&#8243; _module_preset=&#8220;default&#8220; global_colors_info=&#8220;{}&#8220;][et_pb_text _builder_version=&#8220;4.27.4&#8243; _module_preset=&#8220;default&#8220; header_font=&#8220;Satoshi Bold||||||||&#8220; header_font_size=&#8220;48px&#8220; header_line_height=&#8220;1.2em&#8220; header_2_font=&#8220;Satoshi Bold||||||||&#8220; header_2_text_align=&#8220;center&#8220; header_2_text_color=&#8220;#141414&#8243; header_2_font_size=&#8220;32px&#8220; header_2_line_height=&#8220;1.2em&#8220; header_3_font=&#8220;Satoshi Bold||||||||&#8220; header_3_text_color=&#8220;#141414&#8243; header_3_font_size=&#8220;24px&#8220; header_3_line_height=&#8220;1.3em&#8220; header_4_font=&#8220;Satoshi Bold||||||||&#8220; header_4_text_color=&#8220;#141414&#8243; header_4_font_size=&#8220;20px&#8220; header_4_line_height=&#8220;1.3em&#8220; header_font_size_tablet=&#8220;56px&#8220; header_font_size_phone=&#8220;38px&#8220; header_font_size_last_edited=&#8220;on|desktop&#8220; header_2_font_size_tablet=&#8220;32px&#8220; header_2_font_size_phone=&#8220;26px&#8220; header_2_font_size_last_edited=&#8220;on|phone&#8220; header_3_font_size_tablet=&#8220;24px&#8220; header_3_font_size_phone=&#8220;24px&#8220; header_3_font_size_last_edited=&#8220;on|phone&#8220; header_4_font_size_tablet=&#8220;20px&#8220; header_4_font_size_phone=&#8220;20px&#8220; header_4_font_size_last_edited=&#8220;on|tablet&#8220; global_colors_info=&#8220;{}&#8220;]<\/p>\n<h1>Impressum<\/h1>\n<p>[\/et_pb_text][et_pb_text _builder_version=&#8220;4.27.4&#8243; _module_preset=&#8220;default&#8220; global_colors_info=&#8220;{}&#8220;]<strong>nuwacom GmbH<\/strong><br \/>\nGesch\u00e4ftsf\u00fchrung: Sascha B\u00f6hr, Alexander Kleinen, Christophe Folschette[\/et_pb_text][et_pb_text _builder_version=&#8220;4.27.4&#8243; _module_preset=&#8220;default&#8220; global_colors_info=&#8220;{}&#8220;]<\/p>\n<p>Universit\u00e4tsstra\u00dfe 3<br \/>56070 Koblenz<br \/>Deutschland<\/p>\n<p>+4926189968649<br \/><a href=\"mailto:info@nuwacom.ai\">info@nuwacom.ai<\/a><\/p>\n<p>[\/et_pb_text][et_pb_text _builder_version=&#8220;4.27.4&#8243; _module_preset=&#8220;default&#8220; global_colors_info=&#8220;{}&#8220;]<\/p>\n<p>Registergericht: Amtsgericht Koblenz<br \/>Registernummer: HRB 30143<br \/>Umsatzsteuer-Identifikationsnummer gem\u00e4\u00df \u00a7 27a UStG: DE366406858<\/p>\n<p>Wir sind nicht bereit und nicht verpflichtet, an einem Streitbeilegungsverfahren vor einer Verbraucherschlichtungsstelle teilzunehmen.<\/p>\n<p>[\/et_pb_text][\/et_pb_column][\/et_pb_row][\/et_pb_section]<\/p>\n","protected":false},"excerpt":{"rendered":"<p>Impressumnuwacom GmbH Gesch\u00e4ftsf\u00fchrung: Sascha B\u00f6hr, Alexander Kleinen, Christophe FolschetteUniversit\u00e4tsstra\u00dfe 356070 KoblenzDeutschland +4926189968649info@nuwacom.aiRegistergericht: Amtsgericht KoblenzRegisternummer: HRB 30143Umsatzsteuer-Identifikationsnummer gem\u00e4\u00df \u00a7 27a UStG: DE366406858 Wir sind nicht bereit und nicht verpflichtet, an einem Streitbeilegungsverfahren vor einer Verbraucherschlichtungsstelle teilzunehmen.<\/p>\n","protected":false},"author":1,"featured_media":0,"parent":0,"menu_order":0,"comment_status":"closed","ping_status":"closed","template":"","meta":{"_acf_changed":false,"_et_pb_use_builder":"on","_et_pb_old_content":"","_et_gb_content_width":"","content-type":"","inline_featured_image":false,"footnotes":""},"dipi_cpt_category":[],"class_list":["post-7533","page","type-page","status-publish","hentry"],"acf":[],"yoast_head":"<!-- This site is optimized with the Yoast SEO plugin v26.9 - https:\/\/yoast.com\/product\/yoast-seo-wordpress\/ -->\n<title>Impressum - nuwacom.ai<\/title>\n<meta name=\"robots\" content=\"index, follow, max-snippet:-1, max-image-preview:large, max-video-preview:-1\" \/>\n<link rel=\"canonical\" href=\"https:\/\/nuwacom.ai\/de\/impressum\/\" \/>\n<meta property=\"og:locale\" content=\"de_DE\" \/>\n<meta property=\"og:type\" content=\"article\" \/>\n<meta property=\"og:title\" content=\"Impressum - nuwacom.ai\" \/>\n<meta property=\"og:description\" content=\"Impressumnuwacom GmbH Gesch\u00e4ftsf\u00fchrung: Sascha B\u00f6hr, Alexander Kleinen, Christophe FolschetteUniversit\u00e4tsstra\u00dfe 356070 KoblenzDeutschland +4926189968649info@nuwacom.aiRegistergericht: Amtsgericht KoblenzRegisternummer: HRB 30143Umsatzsteuer-Identifikationsnummer gem\u00e4\u00df \u00a7 27a UStG: DE366406858 Wir sind nicht bereit und nicht verpflichtet, an einem Streitbeilegungsverfahren vor einer Verbraucherschlichtungsstelle teilzunehmen.\" \/>\n<meta property=\"og:url\" content=\"https:\/\/nuwacom.ai\/de\/impressum\/\" \/>\n<meta property=\"og:site_name\" content=\"nuwacom.ai\" \/>\n<meta property=\"article:modified_time\" content=\"2025-11-07T10:18:32+00:00\" \/>\n<meta name=\"twitter:card\" content=\"summary_large_image\" \/>\n<meta name=\"twitter:label1\" content=\"Gesch\u00e4tzte Lesezeit\" \/>\n\t<meta name=\"twitter:data1\" content=\"1\u00a0Minute\" \/>\n<script type=\"application\/ld+json\" class=\"yoast-schema-graph\">{\"@context\":\"https:\/\/schema.org\",\"@graph\":[{\"@type\":\"WebPage\",\"@id\":\"https:\/\/nuwacom.ai\/de\/impressum\/\",\"url\":\"https:\/\/nuwacom.ai\/de\/impressum\/\",\"name\":\"Impressum - nuwacom.ai\",\"isPartOf\":{\"@id\":\"https:\/\/nuwacom.ai\/de\/#website\"},\"datePublished\":\"2025-05-08T15:55:09+00:00\",\"dateModified\":\"2025-11-07T10:18:32+00:00\",\"breadcrumb\":{\"@id\":\"https:\/\/nuwacom.ai\/de\/impressum\/#breadcrumb\"},\"inLanguage\":\"de\",\"potentialAction\":[{\"@type\":\"ReadAction\",\"target\":[\"https:\/\/nuwacom.ai\/de\/impressum\/\"]}]},{\"@type\":\"BreadcrumbList\",\"@id\":\"https:\/\/nuwacom.ai\/de\/impressum\/#breadcrumb\",\"itemListElement\":[{\"@type\":\"ListItem\",\"position\":1,\"name\":\"Startseite\",\"item\":\"https:\/\/nuwacom.ai\/de\/\"},{\"@type\":\"ListItem\",\"position\":2,\"name\":\"Impressum\"}]},{\"@type\":\"WebSite\",\"@id\":\"https:\/\/nuwacom.ai\/de\/#website\",\"url\":\"https:\/\/nuwacom.ai\/de\/\",\"name\":\"nuwacom.ai\",\"description\":\"\",\"publisher\":{\"@id\":\"https:\/\/nuwacom.ai\/de\/#organization\"},\"potentialAction\":[{\"@type\":\"SearchAction\",\"target\":{\"@type\":\"EntryPoint\",\"urlTemplate\":\"https:\/\/nuwacom.ai\/de\/?s={search_term_string}\"},\"query-input\":{\"@type\":\"PropertyValueSpecification\",\"valueRequired\":true,\"valueName\":\"search_term_string\"}}],\"inLanguage\":\"de\"},{\"@type\":\"Organization\",\"@id\":\"https:\/\/nuwacom.ai\/de\/#organization\",\"name\":\"nuwacom.ai\",\"url\":\"https:\/\/nuwacom.ai\/de\/\",\"logo\":{\"@type\":\"ImageObject\",\"inLanguage\":\"de\",\"@id\":\"https:\/\/nuwacom.ai\/de\/#\/schema\/logo\/image\/\",\"url\":\"\/wp-content\/uploads\/2025\/10\/Logo_color.svg\",\"contentUrl\":\"\/wp-content\/uploads\/2025\/10\/Logo_color.svg\",\"width\":280,\"height\":40,\"caption\":\"nuwacom.ai\"},\"image\":{\"@id\":\"https:\/\/nuwacom.ai\/de\/#\/schema\/logo\/image\/\"},\"sameAs\":[\"https:\/\/www.instagram.com\/mumpfy\/\"]}]}<\/script>\n<!-- \/ Yoast SEO plugin. -->","yoast_head_json":{"title":"Impressum - nuwacom.ai","robots":{"index":"index","follow":"follow","max-snippet":"max-snippet:-1","max-image-preview":"max-image-preview:large","max-video-preview":"max-video-preview:-1"},"canonical":"https:\/\/nuwacom.ai\/de\/impressum\/","og_locale":"de_DE","og_type":"article","og_title":"Impressum - nuwacom.ai","og_description":"Impressumnuwacom GmbH Gesch\u00e4ftsf\u00fchrung: Sascha B\u00f6hr, Alexander Kleinen, Christophe FolschetteUniversit\u00e4tsstra\u00dfe 356070 KoblenzDeutschland +4926189968649info@nuwacom.aiRegistergericht: Amtsgericht KoblenzRegisternummer: HRB 30143Umsatzsteuer-Identifikationsnummer gem\u00e4\u00df \u00a7 27a UStG: DE366406858 Wir sind nicht bereit und nicht verpflichtet, an einem Streitbeilegungsverfahren vor einer Verbraucherschlichtungsstelle teilzunehmen.","og_url":"https:\/\/nuwacom.ai\/de\/impressum\/","og_site_name":"nuwacom.ai","article_modified_time":"2025-11-07T10:18:32+00:00","twitter_card":"summary_large_image","twitter_misc":{"Gesch\u00e4tzte Lesezeit":"1\u00a0Minute"},"schema":{"@context":"https:\/\/schema.org","@graph":[{"@type":"WebPage","@id":"https:\/\/nuwacom.ai\/de\/impressum\/","url":"https:\/\/nuwacom.ai\/de\/impressum\/","name":"Impressum - nuwacom.ai","isPartOf":{"@id":"https:\/\/nuwacom.ai\/de\/#website"},"datePublished":"2025-05-08T15:55:09+00:00","dateModified":"2025-11-07T10:18:32+00:00","breadcrumb":{"@id":"https:\/\/nuwacom.ai\/de\/impressum\/#breadcrumb"},"inLanguage":"de","potentialAction":[{"@type":"ReadAction","target":["https:\/\/nuwacom.ai\/de\/impressum\/"]}]},{"@type":"BreadcrumbList","@id":"https:\/\/nuwacom.ai\/de\/impressum\/#breadcrumb","itemListElement":[{"@type":"ListItem","position":1,"name":"Startseite","item":"https:\/\/nuwacom.ai\/de\/"},{"@type":"ListItem","position":2,"name":"Impressum"}]},{"@type":"WebSite","@id":"https:\/\/nuwacom.ai\/de\/#website","url":"https:\/\/nuwacom.ai\/de\/","name":"nuwacom.ai","description":"","publisher":{"@id":"https:\/\/nuwacom.ai\/de\/#organization"},"potentialAction":[{"@type":"SearchAction","target":{"@type":"EntryPoint","urlTemplate":"https:\/\/nuwacom.ai\/de\/?s={search_term_string}"},"query-input":{"@type":"PropertyValueSpecification","valueRequired":true,"valueName":"search_term_string"}}],"inLanguage":"de"},{"@type":"Organization","@id":"https:\/\/nuwacom.ai\/de\/#organization","name":"nuwacom.ai","url":"https:\/\/nuwacom.ai\/de\/","logo":{"@type":"ImageObject","inLanguage":"de","@id":"https:\/\/nuwacom.ai\/de\/#\/schema\/logo\/image\/","url":"\/wp-content\/uploads\/2025\/10\/Logo_color.svg","contentUrl":"\/wp-content\/uploads\/2025\/10\/Logo_color.svg","width":280,"height":40,"caption":"nuwacom.ai"},"image":{"@id":"https:\/\/nuwacom.ai\/de\/#\/schema\/logo\/image\/"},"sameAs":["https:\/\/www.instagram.com\/mumpfy\/"]}]}},"_links":{"self":[{"href":"https:\/\/nuwacom.ai\/de\/wp-json\/wp\/v2\/pages\/7533","targetHints":{"allow":["GET"]}}],"collection":[{"href":"https:\/\/nuwacom.ai\/de\/wp-json\/wp\/v2\/pages"}],"about":[{"href":"https:\/\/nuwacom.ai\/de\/wp-json\/wp\/v2\/types\/page"}],"author":[{"embeddable":true,"href":"https:\/\/nuwacom.ai\/de\/wp-json\/wp\/v2\/users\/1"}],"replies":[{"embeddable":true,"href":"https:\/\/nuwacom.ai\/de\/wp-json\/wp\/v2\/comments?post=7533"}],"version-history":[{"count":2,"href":"https:\/\/nuwacom.ai\/de\/wp-json\/wp\/v2\/pages\/7533\/revisions"}],"predecessor-version":[{"id":8431,"href":"https:\/\/nuwacom.ai\/de\/wp-json\/wp\/v2\/pages\/7533\/revisions\/8431"}],"wp:attachment":[{"href":"https:\/\/nuwacom.ai\/de\/wp-json\/wp\/v2\/media?parent=7533"}],"wp:term":[{"taxonomy":"dipi_cpt_category","embeddable":true,"href":"https:\/\/nuwacom.ai\/de\/wp-json\/wp\/v2\/dipi_cpt_category?post=7533"}],"curies":[{"name":"wp","href":"https:\/\/api.w.org\/{rel}","templated":true}]}}